{"id":703,"date":"2024-01-29T13:19:29","date_gmt":"2024-01-29T13:19:29","guid":{"rendered":"https:\/\/estonianfirewood.com\/?page_id=703"},"modified":"2024-04-30T13:26:41","modified_gmt":"2024-04-30T13:26:41","slug":"kase-kaminapuud","status":"publish","type":"page","link":"https:\/\/estonianfirewood.com\/en\/kase-kaminapuud\/","title":{"rendered":"Birch firewood"},"content":{"rendered":"<section class=\"bde-section-703-106 bde-section\">\n  \n\t\n\n\n\n<div class=\"section-container\"><div class=\"bde-columns-703-107 bde-columns\"><div class=\"bde-column-703-108 bde-column\">\n  \n\t\n\n\n\n<h1 class=\"bde-heading-703-110 bde-heading\">\nBirch firewood\n<\/h1><div class=\"bde-rich-text-703-111 bde-rich-text breakdance-rich-text-styles\">\n<p>Birch firewood is known for its high calorific value per unit volume. It burns clean and doesn\u2019t pop. Birch bark contains oils that make it burn well. When the bark is split into thin sheets it will make a really good ignition material since it catches fire easily.<\/p>\n<p>Our firewood is kiln dried to just right moisture content around 12 to 20 per cent. If the moisture content rises above 20% the logs will be harder to ignite and the burning wood will start to sizzle. If the moisture content rises above 30% you will start to see water bubbles rising on the end grain when the log is heated. The wood will be remarkably hard to burn.\nKiln drying also enables us to provide firewood supplies year around.<\/p>\n<p>The firewood is split into 25 to 40 centimeter logs depending on the particular packaging type. Diameter of the logs varies from 4 centimeters to 18 centimeters. Max. 20 % of the logs are less than 8 cm or more than 15 cm in diameter.<\/p>\n<p>The firewood can be ordered in different convenient packaging. All types of packages are fitted on pallets for easy handling, keeping in mind an optimal utilization of transport equipment.<\/p>\n<p>If you have any questions regarding our firewood products or you would like to order, <a href=\"https:\/\/estonianfirewood.com\/nb\/kontakt\/\">feel free to contact us!<\/a><\/p>\n<\/div>\n<\/div><div class=\"bde-column-703-109 bde-column\">\n  \n\t\n\n\n\n\n<\/div><\/div><\/div>\n<\/section>","protected":false},"excerpt":{"rendered":"<p>Kase kaminapuud Kase puit on tuntud oma k\u00f5rge k\u00fcttev\u00e4\u00e4rtuse poolest. See p\u00f5leb puhtalt ja ei praksu. Kui rebida kasetoht \u00f5hukesteks lehtedeks saab sellest ideaalse s\u00fc\u00fctematerjali t\u00e4nu kasetohus sisalduvatele \u00f5lidele. Kuivatame oma kaminapuud kuivatis t\u00e4pselt \u00f5igele niiskussisaldusele (12-20 %). Kui niiskus-sisaldus t\u00f5useb \u00fcle kahek\u00fcmne protsendi siis on halge raske s\u00fc\u00fcdata ja p\u00f5lev puit hakkab sisisema. Kui [&hellip;]<\/p>\n","protected":false},"author":1,"featured_media":0,"parent":0,"menu_order":0,"comment_status":"closed","ping_status":"closed","template":"","meta":{"_breakdance_hide_in_design_set":false,"_breakdance_tags":"","footnotes":""},"class_list":["post-703","page","type-page","status-publish","hentry"],"_links":{"self":[{"href":"https:\/\/estonianfirewood.com\/en\/wp-json\/wp\/v2\/pages\/703","targetHints":{"allow":["GET"]}}],"collection":[{"href":"https:\/\/estonianfirewood.com\/en\/wp-json\/wp\/v2\/pages"}],"about":[{"href":"https:\/\/estonianfirewood.com\/en\/wp-json\/wp\/v2\/types\/page"}],"author":[{"embeddable":true,"href":"https:\/\/estonianfirewood.com\/en\/wp-json\/wp\/v2\/users\/1"}],"replies":[{"embeddable":true,"href":"https:\/\/estonianfirewood.com\/en\/wp-json\/wp\/v2\/comments?post=703"}],"version-history":[{"count":16,"href":"https:\/\/estonianfirewood.com\/en\/wp-json\/wp\/v2\/pages\/703\/revisions"}],"predecessor-version":[{"id":1823,"href":"https:\/\/estonianfirewood.com\/en\/wp-json\/wp\/v2\/pages\/703\/revisions\/1823"}],"wp:attachment":[{"href":"https:\/\/estonianfirewood.com\/en\/wp-json\/wp\/v2\/media?parent=703"}],"curies":[{"name":"wp","href":"https:\/\/api.w.org\/{rel}","templated":true}]}}