{"id":703,"date":"2024-01-29T13:19:29","date_gmt":"2024-01-29T13:19:29","guid":{"rendered":"https:\/\/estonianfirewood.com\/?page_id=703"},"modified":"2024-04-30T13:26:41","modified_gmt":"2024-04-30T13:26:41","slug":"kase-kaminapuud","status":"publish","type":"page","link":"https:\/\/estonianfirewood.com\/fi\/kase-kaminapuud\/","title":{"rendered":"Koivu polttopuut"},"content":{"rendered":"<section class=\"bde-section-703-106 bde-section\">\n  \n\t\n\n\n\n<div class=\"section-container\"><div class=\"bde-columns-703-107 bde-columns\"><div class=\"bde-column-703-108 bde-column\">\n  \n\t\n\n\n\n<h1 class=\"bde-heading-703-110 bde-heading\">\nKoivu polttopuut\n<\/h1><div class=\"bde-rich-text-703-111 bde-rich-text breakdance-rich-text-styles\">\n<p>Koivupuu tunnetaan korkeasta l\u00e4mp\u00f6arvostaan. Se palaa puhtaasti eik\u00e4 r\u00e4tise. Jos revit koivun ohuiksi levyiksi, siit\u00e4 tulee ihanteellinen sytytysmateriaali koivun sis\u00e4lt\u00e4mien \u00f6ljyjen ansiosta.<\/p>\n<p>Kuivaamme polttopuumme kuivaimessa juuri oikeaan kosteuspitoisuuteen (12-20%). Jos kosteus nousee yli kahdenkymmenen prosentin, on puun sytytys vaikeaa ja palava puu alkaa kohinaa. Jos kosteus on yli 30 %, leikkuupinnalle nousee vesikuplia puuta kuumennettaessa. Puu palaa huonosti ja on eritt\u00e4in vaikea sytytt\u00e4\u00e4. Puukuivainten ansiosta voimme tarjota laadukasta takkapuuta ymp\u00e4ri vuoden.<\/p>\n<p>Halkaisemme takkapuut 25-40 senttimetrin pituisiksi paloiksi pakkaustavasta riippuen. Tukkien halkaisija vaihtelee nelj\u00e4st\u00e4 kahdeksaantoista senttimetriin. Enint\u00e4\u00e4n 20 % sirpaleista on halkaisijaltaan pienempi\u00e4 kuin 8 tai suurempia kuin 15 cm.<\/p>\n<p>Polttopuita voi tilata erilaisissa k\u00e4tev\u00e4ss\u00e4 paketissa. Pakatut puut asetetaan euro-alustalle k\u00e4tev\u00e4\u00e4 k\u00e4sittely\u00e4 varten.<\/p>\n<p>Jos sinulla on kysytt\u00e4v\u00e4\u00e4 polttopuista tai haluat tilata <a href=\"https:\/\/estonianfirewood.com\/nb\/kontakt\/\">muista ottaa yhteytt\u00e4!<\/a><\/p>\n<\/div>\n<\/div><div class=\"bde-column-703-109 bde-column\">\n  \n\t\n\n\n\n\n<\/div><\/div><\/div>\n<\/section>","protected":false},"excerpt":{"rendered":"<p>Kase kaminapuud Kase puit on tuntud oma k\u00f5rge k\u00fcttev\u00e4\u00e4rtuse poolest. See p\u00f5leb puhtalt ja ei praksu. Kui rebida kasetoht \u00f5hukesteks lehtedeks saab sellest ideaalse s\u00fc\u00fctematerjali t\u00e4nu kasetohus sisalduvatele \u00f5lidele. Kuivatame oma kaminapuud kuivatis t\u00e4pselt \u00f5igele niiskussisaldusele (12-20 %). Kui niiskus-sisaldus t\u00f5useb \u00fcle kahek\u00fcmne protsendi siis on halge raske s\u00fc\u00fcdata ja p\u00f5lev puit hakkab sisisema. Kui [&hellip;]<\/p>\n","protected":false},"author":1,"featured_media":0,"parent":0,"menu_order":0,"comment_status":"closed","ping_status":"closed","template":"","meta":{"_breakdance_hide_in_design_set":false,"_breakdance_tags":"","footnotes":""},"class_list":["post-703","page","type-page","status-publish","hentry"],"_links":{"self":[{"href":"https:\/\/estonianfirewood.com\/fi\/wp-json\/wp\/v2\/pages\/703","targetHints":{"allow":["GET"]}}],"collection":[{"href":"https:\/\/estonianfirewood.com\/fi\/wp-json\/wp\/v2\/pages"}],"about":[{"href":"https:\/\/estonianfirewood.com\/fi\/wp-json\/wp\/v2\/types\/page"}],"author":[{"embeddable":true,"href":"https:\/\/estonianfirewood.com\/fi\/wp-json\/wp\/v2\/users\/1"}],"replies":[{"embeddable":true,"href":"https:\/\/estonianfirewood.com\/fi\/wp-json\/wp\/v2\/comments?post=703"}],"version-history":[{"count":16,"href":"https:\/\/estonianfirewood.com\/fi\/wp-json\/wp\/v2\/pages\/703\/revisions"}],"predecessor-version":[{"id":1823,"href":"https:\/\/estonianfirewood.com\/fi\/wp-json\/wp\/v2\/pages\/703\/revisions\/1823"}],"wp:attachment":[{"href":"https:\/\/estonianfirewood.com\/fi\/wp-json\/wp\/v2\/media?parent=703"}],"curies":[{"name":"wp","href":"https:\/\/api.w.org\/{rel}","templated":true}]}}