{"id":703,"date":"2024-01-29T13:19:29","date_gmt":"2024-01-29T13:19:29","guid":{"rendered":"https:\/\/estonianfirewood.com\/?page_id=703"},"modified":"2024-04-30T13:26:41","modified_gmt":"2024-04-30T13:26:41","slug":"kase-kaminapuud","status":"publish","type":"page","link":"https:\/\/estonianfirewood.com\/nb\/kase-kaminapuud\/","title":{"rendered":"Bj\u00f8rkeved"},"content":{"rendered":"<section class=\"bde-section-703-106 bde-section\">\n  \n\t\n\n\n\n<div class=\"section-container\"><div class=\"bde-columns-703-107 bde-columns\"><div class=\"bde-column-703-108 bde-column\">\n  \n\t\n\n\n\n<h1 class=\"bde-heading-703-110 bde-heading\">\nBj\u00f8rkeved\n<\/h1><div class=\"bde-rich-text-703-111 bde-rich-text breakdance-rich-text-styles\">\n<p>Bj\u00f8rkeved er kjent for sin h\u00f8ye varmeverdi. Det brenner rent og sprekker ikke. Hvis du river bj\u00f8rken i tynne plater, blir den et ideelt opptenningsmateriale takket v\u00e6re oljene i bj\u00f8rka.<\/p>\n<p>Vi t\u00f8rker veden v\u00e5r i t\u00f8rketrommelen til n\u00f8yaktig riktig fuktighetsinnhold (12-20%). Hvis fuktighetsinnholdet stiger over tjue prosent, er det vanskelig \u00e5 tenne veden og den brennende veden begynner \u00e5 syde. Hvis fuktighetsinnholdet er mer enn 30 %, stiger det vannbobler p\u00e5 skj\u00e6reflaten n\u00e5r veden varmes opp. Tre brenner d\u00e5rlig og er sv\u00e6rt vanskelig \u00e5 antenne. Takket v\u00e6re vedt\u00f8rkere kan vi tilby peisved av h\u00f8y kvalitet hele \u00e5ret.<\/p>\n<p>Vi bryter peisveden i 25-40 centimeter lange biter, avhengig av pakkemetode. Diameteren p\u00e5 stokkene varierer fra fire til atten centimeter. Maksimalt 20 % av fragmentene er mindre enn 8 eller st\u00f8rre enn 15 cm i diameter.<\/p>\n<p>Vi bryter peisveden i 25-40 centimeter lange biter, avhengig av pakkemetode. Diameteren p\u00e5 stokkene varierer fra brann til atten centimeter. Maksimalt 20 % av fragmenter som er mindre enn 8 eller st\u00f8rre enn 15 cm i diameter.<\/p>\n<p>Har du sp\u00f8rsm\u00e5l om ved eller \u00f8nsker \u00e5 bestille <a href=\"https:\/\/estonianfirewood.com\/nb\/kontakt\/\">husk \u00e5 ta kontakt!<\/a><\/p>\n<\/div>\n<\/div><div class=\"bde-column-703-109 bde-column\">\n  \n\t\n\n\n\n\n<\/div><\/div><\/div>\n<\/section>","protected":false},"excerpt":{"rendered":"<p>Kase kaminapuud Kase puit on tuntud oma k\u00f5rge k\u00fcttev\u00e4\u00e4rtuse poolest. See p\u00f5leb puhtalt ja ei praksu. Kui rebida kasetoht \u00f5hukesteks lehtedeks saab sellest ideaalse s\u00fc\u00fctematerjali t\u00e4nu kasetohus sisalduvatele \u00f5lidele. Kuivatame oma kaminapuud kuivatis t\u00e4pselt \u00f5igele niiskussisaldusele (12-20 %). Kui niiskus-sisaldus t\u00f5useb \u00fcle kahek\u00fcmne protsendi siis on halge raske s\u00fc\u00fcdata ja p\u00f5lev puit hakkab sisisema. Kui [&hellip;]<\/p>\n","protected":false},"author":1,"featured_media":0,"parent":0,"menu_order":0,"comment_status":"closed","ping_status":"closed","template":"","meta":{"_breakdance_hide_in_design_set":false,"_breakdance_tags":"","footnotes":""},"class_list":["post-703","page","type-page","status-publish","hentry"],"_links":{"self":[{"href":"https:\/\/estonianfirewood.com\/nb\/wp-json\/wp\/v2\/pages\/703","targetHints":{"allow":["GET"]}}],"collection":[{"href":"https:\/\/estonianfirewood.com\/nb\/wp-json\/wp\/v2\/pages"}],"about":[{"href":"https:\/\/estonianfirewood.com\/nb\/wp-json\/wp\/v2\/types\/page"}],"author":[{"embeddable":true,"href":"https:\/\/estonianfirewood.com\/nb\/wp-json\/wp\/v2\/users\/1"}],"replies":[{"embeddable":true,"href":"https:\/\/estonianfirewood.com\/nb\/wp-json\/wp\/v2\/comments?post=703"}],"version-history":[{"count":16,"href":"https:\/\/estonianfirewood.com\/nb\/wp-json\/wp\/v2\/pages\/703\/revisions"}],"predecessor-version":[{"id":1823,"href":"https:\/\/estonianfirewood.com\/nb\/wp-json\/wp\/v2\/pages\/703\/revisions\/1823"}],"wp:attachment":[{"href":"https:\/\/estonianfirewood.com\/nb\/wp-json\/wp\/v2\/media?parent=703"}],"curies":[{"name":"wp","href":"https:\/\/api.w.org\/{rel}","templated":true}]}}