{"id":726,"date":"2024-01-29T13:20:24","date_gmt":"2024-01-29T13:20:24","guid":{"rendered":"https:\/\/estonianfirewood.com\/?page_id=726"},"modified":"2024-02-08T11:39:54","modified_gmt":"2024-02-08T11:39:54","slug":"puubrikett","status":"publish","type":"page","link":"https:\/\/estonianfirewood.com\/nb\/puubrikett\/","title":{"rendered":"Puubrikett"},"content":{"rendered":"<section class=\"bde-section-726-100 bde-section\">\n  \n\t\n\n\n\n<div class=\"section-container\"><div class=\"bde-columns-726-101 bde-columns\"><div class=\"bde-column-726-102 bde-column\">\n  \n\t\n\n\n\n<h1 class=\"bde-heading-726-103 bde-heading\">\nPuubrikett\n<\/h1><div class=\"bde-rich-text-726-104 bde-rich-text breakdance-rich-text-styles\">\n<p>Puubrikett on keskkonnas\u00f5bralik k\u00fcttematerjal mida toodetakse puidut\u00f6\u00f6stuse \u00fclej\u00e4\u00e4kidest. Puubrikett ei sisalda mingeid lisandeid v\u00f5i sideaineid. Seda hoiab koos looduslik liimaine ligniin.<\/p>\n<p>Puubrikett on madala niiskussisalduse-, k\u00f5rge tiheduse ja k\u00fcttev\u00e4\u00e4rtusega. Briketi p\u00f5letamisest j\u00e4\u00e4b j\u00e4rele v\u00e4ga v\u00e4he tuhka ja tahma. Puubrikett sobib ideaalselt p\u00f5letamiseks k\u00f5igis tahke k\u00fctusega k\u00fcttekolletes nagu n\u00e4iteks kaminad, pliidid, ahjud ja keskk\u00fctteboilerid.<\/p>\n<p>Kui teil on puubriketti kohta k\u00fcsimusi v\u00f5i soovite tellida siis <a href=\"https:\/\/estonianfirewood.com\/nb\/kontakt\/\">v\u00f5ta kindlasti \u00fchendust!<\/a><\/p>\n<\/div>\n<\/div><div class=\"bde-column-726-105 bde-column\">\n  \n\t\n\n\n\n<div class=\"bde-image-726-106 bde-image\">\n  \n\n\n\n\n\n<figure class=\"breakdance-image breakdance-image--1069\">\n\t<div class=\"breakdance-image-container\">\n\t\t<div class=\"breakdance-image-clip\">\n\t\t\t\n\t\t\t\t\n\t\t\t\t\t      \n  \n  \n  \n  \n      \n      <img loading=\"lazy\" decoding=\"async\"\n      class=\"breakdance-image-object\"\n      src=\"https:\/\/estonianfirewood.com\/wp-content\/uploads\/2024\/01\/Briquettes-burning-2.jpg\"\n      width=\"1620\"\n      height=\"1080\"\n      \n      \n                                    srcset=\"https:\/\/estonianfirewood.com\/wp-content\/uploads\/2024\/01\/Briquettes-burning-2.jpg 1620w, https:\/\/estonianfirewood.com\/wp-content\/uploads\/2024\/01\/Briquettes-burning-2-300x200.jpg 300w, https:\/\/estonianfirewood.com\/wp-content\/uploads\/2024\/01\/Briquettes-burning-2-1024x683.jpg 1024w, https:\/\/estonianfirewood.com\/wp-content\/uploads\/2024\/01\/Briquettes-burning-2-768x512.jpg 768w, https:\/\/estonianfirewood.com\/wp-content\/uploads\/2024\/01\/Briquettes-burning-2-1536x1024.jpg 1536w\"\n                                                                      >\n  \n\n\t\t\t\t\t\n\t\t\t\t\t\t<\/div>\n\t<\/div>\n\n\t<\/figure>\n\n<\/div>\n<\/div><\/div><\/div>\n<\/section>","protected":false},"excerpt":{"rendered":"<p>Puubrikett Puubrikett on keskkonnas\u00f5bralik k\u00fcttematerjal mida toodetakse puidut\u00f6\u00f6stuse \u00fclej\u00e4\u00e4kidest. Puubrikett ei sisalda mingeid lisandeid v\u00f5i sideaineid. Seda hoiab koos looduslik liimaine ligniin. Puubrikett on madala niiskussisalduse-, k\u00f5rge tiheduse ja k\u00fcttev\u00e4\u00e4rtusega. Briketi p\u00f5letamisest j\u00e4\u00e4b j\u00e4rele v\u00e4ga v\u00e4he tuhka ja tahma. Puubrikett sobib ideaalselt p\u00f5letamiseks k\u00f5igis tahke k\u00fctusega k\u00fcttekolletes nagu n\u00e4iteks kaminad, pliidid, ahjud ja keskk\u00fctteboilerid. Kui [&hellip;]<\/p>\n","protected":false},"author":1,"featured_media":0,"parent":0,"menu_order":0,"comment_status":"closed","ping_status":"closed","template":"","meta":{"_breakdance_hide_in_design_set":false,"_breakdance_tags":"","footnotes":""},"class_list":["post-726","page","type-page","status-publish","hentry"],"_links":{"self":[{"href":"https:\/\/estonianfirewood.com\/nb\/wp-json\/wp\/v2\/pages\/726","targetHints":{"allow":["GET"]}}],"collection":[{"href":"https:\/\/estonianfirewood.com\/nb\/wp-json\/wp\/v2\/pages"}],"about":[{"href":"https:\/\/estonianfirewood.com\/nb\/wp-json\/wp\/v2\/types\/page"}],"author":[{"embeddable":true,"href":"https:\/\/estonianfirewood.com\/nb\/wp-json\/wp\/v2\/users\/1"}],"replies":[{"embeddable":true,"href":"https:\/\/estonianfirewood.com\/nb\/wp-json\/wp\/v2\/comments?post=726"}],"version-history":[{"count":9,"href":"https:\/\/estonianfirewood.com\/nb\/wp-json\/wp\/v2\/pages\/726\/revisions"}],"predecessor-version":[{"id":1355,"href":"https:\/\/estonianfirewood.com\/nb\/wp-json\/wp\/v2\/pages\/726\/revisions\/1355"}],"wp:attachment":[{"href":"https:\/\/estonianfirewood.com\/nb\/wp-json\/wp\/v2\/media?parent=726"}],"curies":[{"name":"wp","href":"https:\/\/api.w.org\/{rel}","templated":true}]}}