{"id":471,"date":"2024-01-24T12:57:53","date_gmt":"2024-01-24T12:57:53","guid":{"rendered":"https:\/\/estonianfirewood.com\/?page_id=471"},"modified":"2024-01-31T15:12:47","modified_gmt":"2024-01-31T15:12:47","slug":"privaatsustingimused","status":"publish","type":"page","link":"https:\/\/estonianfirewood.com\/sv\/privaatsustingimused\/","title":{"rendered":"Privaatsustingimused"},"content":{"rendered":"<section class=\"bde-section-471-100 bde-section\">\n  \n\t\n\n\n\n<div class=\"section-container\"><h2 class=\"bde-heading-471-101 bde-heading\">\nprivaatsuspoliitika\n<\/h2><div class=\"bde-rich-text-471-102 bde-rich-text breakdance-rich-text-styles\">\n<p>K\u00e4esolevad privaatsuspoliitika p\u00f5him\u00f5tted panevad paika, kuidas me kasutame ja kaitsema informatsiooni, mida kasutajad edastavad meile veebilehe kasutamisel. Me kohustume kaitsma kasutajate privaatsust ja kinnitame, et veebilehel k\u00fcsitud kasutaja andmeid kasutame \u00fcksnes koosk\u00f5las k\u00e4esolevate privaatsustingimustega.<strong>Kogutavad isikuandmed<br \/><\/strong>Me kogume isikuandmeid, mida kasutaja edastab meile n\u00e4iteks tellimust tehes, kontakteerudes klienditeenindusega v\u00f5i osaledes v\u00f5istlustel.<br \/>Kogutavad isikuandmed on muuhulgas j\u00e4rgmised:<\/p>\n<ul>\n<li>Namn<\/li>\n<li>S\u00fcnniaeg ja isikukood<\/li>\n<li>Kontaktinformatsioon, sealhulgas aadress, e-maili aadress ja telefoninumber<\/li>\n<li>Muu informatsioon, mis on oluline kliendik\u00fcsitluste, v\u00f5istluste, loosimiste ja\/v\u00f5i pakkumistega seoses<\/li>\n<li>Kogutavate isikuandmete ja informatsiooni kasutamine<\/li>\n<\/ul>\n<h4><strong>Kogutud isikuandmeid ja informatsiooni kasutame j\u00e4rgmistel eesm\u00e4rkidel:<\/strong><\/h4>\n<ul>\n<li>Asutusesisene arvepidamine<\/li>\n<li>Veebilehel kliendi kasutajakonto loomine ja haldamine<\/li>\n<li>L\u00e4bi kodulehe edastatud tellimuste t\u00f6\u00f6tlemine<\/li>\n<li>Tellimuste ja kohaletoimetamise staatuse edastamine<\/li>\n<li>Kasutajaga tellimuse v\u00f5i kohaletoimetamise probleemide ilmnemisel kontakteerumine<\/li>\n<li>Kasutaja p\u00e4ringutele vastamine<\/li>\n<li>Kasutaja teavitamine uutest v\u00f5i muutunud teenustest<\/li>\n<li>Otseturundus<\/li>\n<li>V\u00f5istluste ja loosimiste v\u00f5itjate teavitamine<\/li>\n<li>Kasutajale sobivate pakkumiste ja infomatsiooni edastamiseks tehtavate anal\u00fc\u00fcside teostamine<\/li>\n<li>K\u00fcsitluste edastamine, et pakkuda kasutajatele v\u00f5imalus m\u00f5jutada ja parendada meie teenust<\/li>\n<li>Teenuse pakkumise s\u00fcsteemide parendamine<\/li>\n<li>Meie teenuse eba\u00f5ige kasutamise v\u00e4ltimine<\/li>\n<li>Me hoiame kasutaja andmeid nii kaua, kui on vajalik eeltoodud eesm\u00e4rkide t\u00e4itmiseks v\u00f5i seaduses n\u00f5utud perioodi. P\u00e4rast seda kogutud isikuandmed kustutatakse.<\/li>\n<\/ul>\n<h4><br \/><strong>Turvalisus<\/strong><\/h4>\n<p>Me tagame kasutajate isikuandmete kaitse. Isikuandmetele lubamatu juurdep\u00e4\u00e4su v\u00f5i isikuandmete avalikustamise v\u00e4ltimiseks oleme v\u00f5tnud kasutusele sobivad f\u00fc\u00fcsilised, tehnoloogilised ja administratiivsed meetmed. Juurdep\u00e4\u00e4s andmete muutmiseks ja t\u00f6\u00f6tlemiseks on ainult selleks volitatud isikutel.<\/p>\n<h4><strong>Isikuandmete kontroll<\/strong><\/h4>\n<p><strong><br \/><\/strong>Me ei m\u00fc\u00fc ega avalikusta kasutaja isikuandmeid kolmandatele isikutele ilma isikuandmete omaniku n\u00f5usolekuta v\u00f5i seadusest tuleneva kohustuseta.<br \/>Kasutajal on \u00f5igus igal ajal paluda informatsiooni tema kohta kogutud andmete suhtes. Tema kohta kogutud andmete informatsiooni v\u00e4ljastamine on kasutajale tasuta. Kui isikuandmed on valed v\u00f5i ebaolulised, on kasutajal \u00f5igus paluda informatsiooni korrigeerimist v\u00f5i eemaldamist. Me ei saa eemaldada andmeid, kui neile kehtib seadusj\u00e4rgne hoiustamise n\u00f5ue v\u00f5i need on vajalikud lepingust tulenevate n\u00f5uete sissen\u00f5udmiseks.<br \/>Me v\u00f5ime kasutada isikuandmeid edastamaks kasutajale kolmandate osapoolte pakkumisi, mida me peame kasutaja jaoks huvitavaks. Isikul on v\u00f5imalik ennast igal ajal pakkumiste saajate nimekirjast eemaldada kasutades iga kirja l\u00f5pus olevat v\u00f5imalust v\u00f5i v\u00f5ttes meiega \u00fchendust emailil\u00a0<a href=\"mailto:info@estonianfirewood.ee\">info@estonianfirewood.ee.<\/a><\/p>\n<h4><strong>Privaatsuspoliitika tingimused ja muudatused<\/strong><\/h4>\n<p><strong><br \/><\/strong>Meil on \u00f5igus vajadusel privaatsustingimusi muuta. Meie veebilehte kasutades kinnitate, et olete k\u00e4esolevate tingimustega tutvunud ning n\u00f5ustute nendega. Privaatsustingimustes tehtud muudatustega kursis olemiseks palume k\u00fclastada meie veebilehte.<br \/>K\u00f5igi seoses privaatsuspoliitika v\u00f5i andmet\u00f6\u00f6tluse kohta tekkivate k\u00fcsimuste v\u00f5i muredega palume v\u00f5tta meiega \u00fchendust aadressil\u00a0<a href=\"mailto:info@estonianfirewood.ee\">info@estonianfirewood.ee<\/a>.<\/p>\n<h4>K\u00fcpsiste kasutamise tingimused<\/h4>\n<p>Selleks, et pakkuda Sulle parimat v\u00f5imalikku kasutuskogemust meie veebilehel, kasutame me k\u00fcpsiseid.<\/p>\n<p><strong>Mis on k\u00fcpsis?<br \/><\/strong>K\u00fcpsis (cookie) on v\u00e4ike tekstifail, mis salvestatakse veeblehte k\u00fclastades Sinu seadmesse.<\/p>\n<p><strong>Milleks me k\u00fcpsiseid kasutame?\u00a0<\/strong><br \/>T\u00e4nu k\u00fcpsiste kasutamisele saame pakkuda paremat kasutuskogemust veebilehel, n\u00e4iteks aitavad k\u00fcpsised meelde j\u00e4tta sinu varasemaid k\u00fclastusi ja veebilehel tehtud valikuid.<br \/>Veebilehte kasutades n\u00f5ustud sellega, et kasutame k\u00fcpsiseid:<br \/>\u2013 kasutusharjumuste ja statistiliste andmete kogumiseks;<br \/>\u2013 kasutaja eelistuste ja seadistuste meelde j\u00e4tmiseks;<br \/>\u2013 kasutaja vajadustele sobivamate pakkumiste ja turundusteadete esitamiseks;<br \/>\u2013 veebilehe arendamiseks vajaliku teabe kogumiseks;<br \/>\u2013 sisse logimiseks, lehe isikustamiseks ja vormide t\u00e4itmiseks;<br \/>\u2013 lehel oleva sisu lihtsamaks jagamiseks sotsiaalmeedias;<br \/>\u2013 sisu pakkumiseks (Facebook, Google).<\/p>\n<p><strong>Mis t\u00fc\u00fcpi k\u00fcpsiseid kasutame?<\/strong><\/p>\n<p><strong><em>Sessioonik\u00fcpsised<\/em><\/strong><br \/>Sessioonik\u00fcpsiseid ehk ajutised k\u00fcpsised \u2013 kasutatakse iga kord, kui meie veebilehte k\u00fclastad ja need kustutatakse p\u00e4rast veebilehitseja sulgemist. Ajutisi k\u00fcpsiseid kasutatakse n\u00e4iteks v\u00f5rgulehe keelevaliku, ostukorvi sisu meelde j\u00e4tmiseks.<\/p>\n<p><strong><em>P\u00fcsivad k\u00fcpsised<\/em><\/strong><br \/>P\u00fcsivad k\u00fcpsised j\u00e4\u00e4vad kasutaja seadmesse alles ka p\u00e4rast veebilehe sulgemist. P\u00fcsivatel k\u00fcpsistel on erinev aegumisperiood ning m\u00f5ned neist j\u00e4\u00e4vad kasutaja seadmesse p\u00e4evadeks, kuudeks v\u00f5i isegi aastateks. P\u00fcsivaid k\u00fcpsiseid kasutatakse n\u00e4iteks kasutaja eelistuste meelde j\u00e4tmiseks ning kasutajanime ja parooli salvestamiseks, et kasutaja ei peaks iga k\u00fclastusega uuesti sisse logima.<\/p>\n<p><strong><em>Kolmandate osapoolte k\u00fcpsised:<\/em><\/strong><br \/>Meie lehel kasutatakse kvaliteetsema sisu pakkumise, statistika kogumise ja reklaamide n\u00e4itamise eesm\u00e4rgil kolmandate osapoolte k\u00fcpsiseid. Kolmandate osapoolte privaatsuspoliitika ja tingimustega saate tutvuda k\u00fcpsise tootja lehel.<\/p>\n<p>Kolmandate osapoolte k\u00fcpsiste nimekiri:<br \/>\u2013 Facebooki k\u00fcpsiste tingimustega saad tutvuda:\u00a0<a href=\"https:\/\/www.facebook.com\/policies\/cookies\/\" target=\"_blank\" rel=\"noopener\">https:\/\/www.facebook.com\/policies\/cookies\/<\/a><br \/>\u2013 Google\u2019i k\u00fcpsiste tingimustega saad tutvuda:\u00a0<a href=\"https:\/\/www.google.com\/policies\/technologies\/cookies\/\" target=\"_blank\" rel=\"noopener\">https:\/\/www.google.com\/policies\/technologies\/cookies\/<\/a><\/p>\n<p><strong>Kuidas k\u00fcpsiste kasutamist piirata ja neid kustutada?<\/strong><br \/>Kasutaja saab kustutada seadmesse salvestatud k\u00fcpsised ja ennetavalt v\u00e4ltida k\u00fcpsiste salvestamist tema seadmesse. Selleks tuleb kasutajal muuta veebilehitseja privaatsusseadeid.<br \/>T\u00e4psemalt juhised leiab veebilehitseja kasutusjuhendist.<\/p>\n<p>\u00a0<\/p>\n<p>NB! k\u00fcpsiste blokeerimise korral ei saa me tagada kodulehe korrektset toimimist. K\u00fcpsiste kohta saab rohkem teavet veebilehelt:\u00a0<a href=\"http:\/\/www.allaboutcookies.org\/\" target=\"_blank\" rel=\"noopener\">http:\/\/www.allaboutcookies.org\/<\/a>\u00a0v\u00f5i\u00a0<a href=\"http:\/\/www.youronlinechoices.com\/ee\/\" target=\"_blank\" rel=\"noopener\">http:\/\/www.youronlinechoices.com\/ee\/\u00a0<\/a><\/p>\n<p>Kinnitatud Stykel O\u00dc juhatuse poolt 12.01.2023.<\/p>\n<h4><strong>Vastutus kogutavate isikuandmete eest<\/strong><\/h4>\n<p><strong><br \/><\/strong>Kasutaja edastatud isikuandmete kogumise ja kontrollimise eest vastutab Eesti \u00e4ri\u00fching Stykel O\u00dc. Isikuandmete kogumisel ja kontrollimisel l\u00e4htume Eesti isikuandmete kaitse seadusest ja Euroopa Parlamendi ja N\u00f5ukogu direktiivist 95\/46\/E\u00dc \u00fcksikisikute kaitse kohta isikuandmete t\u00f6\u00f6tlemisel ja selliste andmete vaba liikumise kohta.<\/p>\n<h4><strong>Kogutavad isikuandmed<\/strong><\/h4>\n<p><strong><br \/><\/strong>Me kogume isikuandmeid, mida kasutaja edastab meile n\u00e4iteks tellimust tehes, kontakteerudes klienditeenindusega v\u00f5i osaledes v\u00f5istlustel.<br \/>Kogutavad isikuandmed on muuhulgas j\u00e4rgmised:<\/p>\n<ul>\n<li>Namn<\/li>\n<li>S\u00fcnniaeg ja isikukood<\/li>\n<li>Kontaktinformatsioon, sealhulgas aadress, e-maili aadress ja telefoninumber<\/li>\n<li>Muu informatsioon, mis on oluline kliendik\u00fcsitluste, v\u00f5istluste, loosimiste ja\/v\u00f5i pakkumistega seoses<\/li>\n<li>Kogutavate isikuandmete ja informatsiooni kasutamine<\/li>\n<\/ul>\n<p><strong>Kogutud isikuandmeid ja informatsiooni kasutame j\u00e4rgmistel eesm\u00e4rkidel:<\/strong><\/p>\n<ul>\n<li>Asutusesisene arvepidamine<\/li>\n<li>Veebilehel kliendi kasutajakonto loomine ja haldamine<\/li>\n<li>L\u00e4bi kodulehe edastatud tellimuste t\u00f6\u00f6tlemine<\/li>\n<li>Tellimuste ja kohaletoimetamise staatuse edastamine<\/li>\n<li>Kasutajaga tellimuse v\u00f5i kohaletoimetamise probleemide ilmnemisel kontakteerumine<\/li>\n<li>Kasutaja p\u00e4ringutele vastamine<\/li>\n<li>Kasutaja teavitamine uutest v\u00f5i muutunud teenustest<\/li>\n<li>Otseturundus<\/li>\n<li>V\u00f5istluste ja loosimiste v\u00f5itjate teavitamine<\/li>\n<li>Kasutajale sobivate pakkumiste ja infomatsiooni edastamiseks tehtavate anal\u00fc\u00fcside teostamine<\/li>\n<li>K\u00fcsitluste edastamine, et pakkuda kasutajatele v\u00f5imalus m\u00f5jutada ja parendada meie teenust<\/li>\n<li>Teenuse pakkumise s\u00fcsteemide parendamine<\/li>\n<li>Meie teenuse eba\u00f5ige kasutamise v\u00e4ltimine<\/li>\n<li>Me hoiame kasutaja andmeid nii kaua, kui on vajalik eeltoodud eesm\u00e4rkide t\u00e4itmiseks v\u00f5i seaduses n\u00f5utud perioodi. P\u00e4rast seda kogutud isikuandmed kustutatakse.<\/li>\n<\/ul>\n<p><strong>Turvalisus<br \/><\/strong>Me tagame kasutajate isikuandmete kaitse. Isikuandmetele lubamatu juurdep\u00e4\u00e4su v\u00f5i isikuandmete avalikustamise v\u00e4ltimiseks oleme v\u00f5tnud kasutusele sobivad f\u00fc\u00fcsilised, tehnoloogilised ja administratiivsed meetmed. Juurdep\u00e4\u00e4s andmete muutmiseks ja t\u00f6\u00f6tlemiseks on ainult selleks volitatud isikutel.<\/p>\n<p><strong>Isikuandmete kontroll<br \/><\/strong>Me ei m\u00fc\u00fc ega avalikusta kasutaja isikuandmeid kolmandatele isikutele ilma isikuandmete omaniku n\u00f5usolekuta v\u00f5i seadusest tuleneva kohustuseta.<br \/>Kasutajal on \u00f5igus igal ajal paluda informatsiooni tema kohta kogutud andmete suhtes. Tema kohta kogutud andmete informatsiooni v\u00e4ljastamine on kasutajale tasuta. Kui isikuandmed on valed v\u00f5i ebaolulised, on kasutajal \u00f5igus paluda informatsiooni korrigeerimist v\u00f5i eemaldamist. Me ei saa eemaldada andmeid, kui neile kehtib seadusj\u00e4rgne hoiustamise n\u00f5ue v\u00f5i need on vajalikud lepingust tulenevate n\u00f5uete sissen\u00f5udmiseks.<br \/>Me v\u00f5ime kasutada isikuandmeid edastamaks kasutajale kolmandate osapoolte pakkumisi, mida me peame kasutaja jaoks huvitavaks. Isikul on v\u00f5imalik ennast igal ajal pakkumiste saajate nimekirjast eemaldada kasutades iga kirja l\u00f5pus olevat v\u00f5imalust v\u00f5i v\u00f5ttes meiega \u00fchendust emailil\u00a0<a href=\"mailto:info@estonianfirewood.ee\">info@estonianfirewood.ee.<\/a><\/p>\n<h4><strong>Privaatsuspoliitika tingimused ja muudatused<\/strong><\/h4>\n<p>Meil on \u00f5igus vajadusel privaatsustingimusi muuta. Meie veebilehte kasutades kinnitate, et olete k\u00e4esolevate tingimustega tutvunud ning n\u00f5ustute nendega. Privaatsustingimustes tehtud muudatustega kursis olemiseks palume k\u00fclastada meie veebilehte.<br \/>K\u00f5igi seoses privaatsuspoliitika v\u00f5i andmet\u00f6\u00f6tluse kohta tekkivate k\u00fcsimuste v\u00f5i muredega palume v\u00f5tta meiega \u00fchendust aadressil\u00a0<a href=\"mailto:info@estonianfirewood.ee\">info@estonianfirewood.ee<\/a>.<\/p>\n<p>\u00a0<\/p>\n<\/div><\/div>\n<\/section>","protected":false},"excerpt":{"rendered":"<p>privaatsuspoliitika K\u00e4esolevad privaatsuspoliitika p\u00f5him\u00f5tted panevad paika, kuidas me kasutame ja kaitsema informatsiooni, mida kasutajad edastavad meile veebilehe kasutamisel. Me kohustume kaitsma kasutajate privaatsust ja kinnitame, et veebilehel k\u00fcsitud kasutaja andmeid kasutame \u00fcksnes koosk\u00f5las k\u00e4esolevate privaatsustingimustega.Kogutavad isikuandmedMe kogume isikuandmeid, mida kasutaja edastab meile n\u00e4iteks tellimust tehes, kontakteerudes klienditeenindusega v\u00f5i osaledes v\u00f5istlustel.Kogutavad isikuandmed on muuhulgas j\u00e4rgmised: Nimi [&hellip;]<\/p>\n","protected":false},"author":1,"featured_media":0,"parent":0,"menu_order":0,"comment_status":"closed","ping_status":"closed","template":"","meta":{"_breakdance_hide_in_design_set":false,"_breakdance_tags":"","footnotes":""},"class_list":["post-471","page","type-page","status-publish","hentry"],"_links":{"self":[{"href":"https:\/\/estonianfirewood.com\/sv\/wp-json\/wp\/v2\/pages\/471","targetHints":{"allow":["GET"]}}],"collection":[{"href":"https:\/\/estonianfirewood.com\/sv\/wp-json\/wp\/v2\/pages"}],"about":[{"href":"https:\/\/estonianfirewood.com\/sv\/wp-json\/wp\/v2\/types\/page"}],"author":[{"embeddable":true,"href":"https:\/\/estonianfirewood.com\/sv\/wp-json\/wp\/v2\/users\/1"}],"replies":[{"embeddable":true,"href":"https:\/\/estonianfirewood.com\/sv\/wp-json\/wp\/v2\/comments?post=471"}],"version-history":[{"count":9,"href":"https:\/\/estonianfirewood.com\/sv\/wp-json\/wp\/v2\/pages\/471\/revisions"}],"predecessor-version":[{"id":1059,"href":"https:\/\/estonianfirewood.com\/sv\/wp-json\/wp\/v2\/pages\/471\/revisions\/1059"}],"wp:attachment":[{"href":"https:\/\/estonianfirewood.com\/sv\/wp-json\/wp\/v2\/media?parent=471"}],"curies":[{"name":"wp","href":"https:\/\/api.w.org\/{rel}","templated":true}]}}