{"id":703,"date":"2024-01-29T13:19:29","date_gmt":"2024-01-29T13:19:29","guid":{"rendered":"https:\/\/estonianfirewood.com\/?page_id=703"},"modified":"2024-04-30T13:26:41","modified_gmt":"2024-04-30T13:26:41","slug":"kase-kaminapuud","status":"publish","type":"page","link":"https:\/\/estonianfirewood.com\/sv\/kase-kaminapuud\/","title":{"rendered":"Bj\u00f6rkved"},"content":{"rendered":"<section class=\"bde-section-703-106 bde-section\">\n  \n\t\n\n\n\n<div class=\"section-container\"><div class=\"bde-columns-703-107 bde-columns\"><div class=\"bde-column-703-108 bde-column\">\n  \n\t\n\n\n\n<h1 class=\"bde-heading-703-110 bde-heading\">\nBj\u00f6rkved\n<\/h1><div class=\"bde-rich-text-703-111 bde-rich-text breakdance-rich-text-styles\">\n<p>Bj\u00f6rkved \u00e4r k\u00e4nt f\u00f6r sitt h\u00f6ga v\u00e4rmev\u00e4rde. Det brinner rent och krackelerar inte. Om du river bj\u00f6rken i tunna skivor blir den ett idealiskt t\u00e4ndmaterial tack vare oljorna som finns i bj\u00f6rken.<\/p>\n<p>Bj\u00f6rkved \u00e4r k\u00e4nt f\u00f6r sitt h\u00f6ga v\u00e4rmev\u00e4rde. Det brinner rent och krackelerar inte. Om du river bj\u00f6rken i tunna skivor blir den ett idealt t\u00e4ndmaterial tack vare oljorna som finns i bj\u00f6rken.<\/p>\n<p>Vi bryter eldstadsveden i 25-40 centimeter l\u00e5nga bitar, beroende p\u00e5 f\u00f6rpackningsmetod. Diametern p\u00e5 stockarna varierar fr\u00e5n fyra till arton centimeter. Maximalt 20 % av fragmenten \u00e4r mindre \u00e4n 8 eller st\u00f6rre \u00e4n 15 cm i diameter.<\/p>\n<p>Ved kan best\u00e4llas i olika bekv\u00e4ma paket. De packade tr\u00e4den placeras p\u00e5 eurobrickor f\u00f6r bekv\u00e4m hantering.<\/p>\n<p>Om du har fr\u00e5gor om ved eller vill best\u00e4lla <a href=\"https:\/\/estonianfirewood.com\/nb\/kontakt\/\">se till att ta kontakt!<\/a><\/p>\n<\/div>\n<\/div><div class=\"bde-column-703-109 bde-column\">\n  \n\t\n\n\n\n\n<\/div><\/div><\/div>\n<\/section>","protected":false},"excerpt":{"rendered":"<p>Kase kaminapuud Kase puit on tuntud oma k\u00f5rge k\u00fcttev\u00e4\u00e4rtuse poolest. See p\u00f5leb puhtalt ja ei praksu. Kui rebida kasetoht \u00f5hukesteks lehtedeks saab sellest ideaalse s\u00fc\u00fctematerjali t\u00e4nu kasetohus sisalduvatele \u00f5lidele. Kuivatame oma kaminapuud kuivatis t\u00e4pselt \u00f5igele niiskussisaldusele (12-20 %). Kui niiskus-sisaldus t\u00f5useb \u00fcle kahek\u00fcmne protsendi siis on halge raske s\u00fc\u00fcdata ja p\u00f5lev puit hakkab sisisema. Kui [&hellip;]<\/p>\n","protected":false},"author":1,"featured_media":0,"parent":0,"menu_order":0,"comment_status":"closed","ping_status":"closed","template":"","meta":{"_breakdance_hide_in_design_set":false,"_breakdance_tags":"","footnotes":""},"class_list":["post-703","page","type-page","status-publish","hentry"],"_links":{"self":[{"href":"https:\/\/estonianfirewood.com\/sv\/wp-json\/wp\/v2\/pages\/703","targetHints":{"allow":["GET"]}}],"collection":[{"href":"https:\/\/estonianfirewood.com\/sv\/wp-json\/wp\/v2\/pages"}],"about":[{"href":"https:\/\/estonianfirewood.com\/sv\/wp-json\/wp\/v2\/types\/page"}],"author":[{"embeddable":true,"href":"https:\/\/estonianfirewood.com\/sv\/wp-json\/wp\/v2\/users\/1"}],"replies":[{"embeddable":true,"href":"https:\/\/estonianfirewood.com\/sv\/wp-json\/wp\/v2\/comments?post=703"}],"version-history":[{"count":16,"href":"https:\/\/estonianfirewood.com\/sv\/wp-json\/wp\/v2\/pages\/703\/revisions"}],"predecessor-version":[{"id":1823,"href":"https:\/\/estonianfirewood.com\/sv\/wp-json\/wp\/v2\/pages\/703\/revisions\/1823"}],"wp:attachment":[{"href":"https:\/\/estonianfirewood.com\/sv\/wp-json\/wp\/v2\/media?parent=703"}],"curies":[{"name":"wp","href":"https:\/\/api.w.org\/{rel}","templated":true}]}}